{"id":2684,"date":"2019-09-11T20:41:25","date_gmt":"2019-09-11T17:41:25","guid":{"rendered":"https:\/\/www.tkmangula.ee\/%d0%ba%d0%be%d0%bd%d1%82%d0%b0%d0%ba%d1%82\/"},"modified":"2022-12-12T10:38:41","modified_gmt":"2022-12-12T10:38:41","slug":"kontakt","status":"publish","type":"page","link":"https:\/\/tkmangula.ee\/ru\/kontakt\/","title":{"rendered":"\u041a\u043e\u043d\u0442\u0430\u043a\u0442"},"content":{"rendered":"<p>[et_pb_section fb_built=&#187;1&#8243; specialty=&#187;on&#187; next_background_color=&#187;#ffffff&#187; padding_top_bottom_link_1=&#187;false&#187; admin_label=&#187;Header&#187; _builder_version=&#187;4.0.6&#8243; background_color=&#187;#fcf1de&#187; min_height=&#187;561px&#187; custom_padding=&#187;||||false|false&#187; bottom_divider_style=&#187;wave&#187; bottom_divider_height=&#187;16vw&#187; locked=&#187;off&#187;][et_pb_column type=&#187;1_2&#8243; specialty_columns=&#187;2&#8243; _builder_version=&#187;3.25&#8243; custom_padding=&#187;|||&#187; custom_padding__hover=&#187;|||&#187;][et_pb_row_inner _builder_version=&#187;4.3.2&#8243;][et_pb_column_inner saved_specialty_column_type=&#187;1_2&#8243; _builder_version=&#187;4.3.2&#8243; custom_padding=&#187;50px||||false|false&#187; custom_padding_tablet=&#187;0px||||false|false&#187; custom_padding_phone=&#187;&#187; custom_padding_last_edited=&#187;on|tablet&#187;][et_pb_divider color=&#187;#f9ce6e&#187; divider_position=&#187;center&#187; divider_weight=&#187;1px&#187; _builder_version=&#187;4.3.2&#8243; width=&#187;120px&#187; height=&#187;7px&#187; box_shadow_style=&#187;preset7&#8243; box_shadow_horizontal=&#187;40px&#187; box_shadow_vertical=&#187;0px&#187; box_shadow_color=&#187;#f9ce6e&#187; locked=&#187;off&#187;][\/et_pb_divider][et_pb_text _builder_version=&#187;4.0.6&#8243; text_font=&#187;Open Sans||||||||&#187; text_text_color=&#187;#000000&#8243; text_font_size=&#187;16px&#187; text_line_height=&#187;1.8em&#187; header_font=&#187;Open Sans|700|||||||&#187; header_font_size=&#187;60px&#187; header_line_height=&#187;1.1em&#187; hover_enabled=&#187;0&#8243; header_font_size_tablet=&#187;40px&#187; header_font_size_phone=&#187;30px&#187; header_font_size_last_edited=&#187;on|phone&#187;]<\/p>\n<h1>\u041a\u043e\u043d\u0442\u0430\u043a\u0442<\/h1>\n<p style=\"text-align: justify;\">\u0415\u0441\u043b\u0438 \u0432\u044b \u0445\u043e\u0442\u0438\u0442\u0435 \u0443\u0437\u043d\u0430\u0442\u044c \u0431\u043e\u043b\u044c\u0448\u0435 \u043e \u043d\u0430\u0448\u0438\u0445 \u0443\u0441\u043b\u0443\u0433\u0430\u0445 \u0438\u043b\u0438 \u0437\u0430\u043a\u0430\u0437\u0430\u0442\u044c \u043d\u0430\u0441 \u0434\u043b\u044f \u0432\u0430\u0448\u0435\u0433\u043e \u043c\u0435\u0440\u043e\u043f\u0440\u0438\u044f\u0442\u0438\u044f, \u043e\u0442\u043f\u0440\u0430\u0432\u044c\u0442\u0435 \u043d\u0430\u043c \u043f\u0438\u0441\u044c\u043c\u043e \u0438\u043b\u0438 \u043f\u043e\u0437\u0432\u043e\u043d\u0438\u0442\u0435 \u043f\u043e \u043d\u043e\u043c\u0435\u0440\u0443, \u0443\u043a\u0430\u0437\u0430\u043d\u043d\u043e\u043c\u0443 \u043d\u0438\u0436\u0435.<\/p>\n<p>[\/et_pb_text][\/et_pb_column_inner][\/et_pb_row_inner][et_pb_row_inner column_structure=&#187;1_2,1_2&#8243; _builder_version=&#187;4.2.2&#8243;][et_pb_column_inner type=&#187;1_2&#8243; saved_specialty_column_type=&#187;1_2&#8243; _builder_version=&#187;4.2.2&#8243;][et_pb_image src=&#187;https:\/\/tkmangula.ee\/wp-content\/uploads\/2022\/09\/tiiuk.jpg&#187; _builder_version=&#187;4.0.6&#8243; custom_margin=&#187;||11px|||&#187;][\/et_pb_image][et_pb_text _builder_version=&#187;4.0.6&#8243;]<\/p>\n<p style=\"text-align: center;\"><strong>Tiiu Kass<\/strong><\/p>\n<p>[\/et_pb_text][\/et_pb_column_inner][et_pb_column_inner type=&#187;1_2&#8243; saved_specialty_column_type=&#187;1_2&#8243; _builder_version=&#187;4.2.2&#8243;][et_pb_blurb use_icon=&#187;on&#187; font_icon=&#187;%%238%%&#187; icon_color=&#187;#ffffff&#187; use_circle=&#187;on&#187; circle_color=&#187;#F9AA00&#8243; icon_placement=&#187;left&#187; _builder_version=&#187;4.0.6&#8243; header_font=&#187;PT Sans|700||on|||||&#187; header_text_align=&#187;left&#187; header_text_color=&#187;#62748a&#187; header_font_size=&#187;12px&#187; body_font=&#187;PT Sans||||||||&#187; body_text_color=&#187;#2a3749&#8243; body_font_size=&#187;16px&#187; background_color=&#187;rgba(0,0,0,0)&#187; text_orientation=&#187;center&#187; locked=&#187;off&#187;]<\/p>\n<p style=\"text-align: left;\"><a href=\"&#109;&#x61;&#105;&#x6c;&#116;&#x6f;&#58;&#x69;n&#x66;o&#x40;t&#x6b;m&#97;&#x6e;&#103;&#x75;&#108;&#x61;&#46;&#x65;&#101;\"><strong>info(at)tkmangula.ee<\/strong><\/a><\/p>\n<p>[\/et_pb_blurb][et_pb_blurb use_icon=&#187;on&#187; font_icon=&#187;%%264%%&#187; icon_color=&#187;#ffffff&#187; use_circle=&#187;on&#187; circle_color=&#187;#F9AA00&#8243; icon_placement=&#187;left&#187; _builder_version=&#187;4.0.6&#8243; header_font=&#187;PT Sans|700||on|||||&#187; header_text_color=&#187;#62748a&#187; header_font_size=&#187;12px&#187; body_font=&#187;PT Sans||||||||&#187; body_text_color=&#187;#2a3749&#8243; body_font_size=&#187;16px&#187;]<\/p>\n<p><a href=\"tel:+37256920484\"><strong>+372 56920484<\/strong><\/a><\/p>\n<p>[\/et_pb_blurb][\/et_pb_column_inner][\/et_pb_row_inner][\/et_pb_column][et_pb_column type=&#187;1_2&#8243; _builder_version=&#187;3.25&#8243; custom_padding=&#187;|||&#187; custom_padding__hover=&#187;|||&#187;][et_pb_image src=&#187;https:\/\/tkmangula.ee\/wp-content\/uploads\/2020\/11\/tutor-09.png&#187; _builder_version=&#187;4.3.2&#8243; width=&#187;100%&#187; z_index=&#187;1&#8243; vertical_offset_tablet=&#187;-60px&#187; vertical_offset_phone=&#187;&#187; vertical_offset_last_edited=&#187;on|phone&#187;][\/et_pb_image][et_pb_contact_form email=&#187;&#x69;n&#x66;o&#x40;&#116;&#x6b;&#109;a&#x6e;g&#x75;&#108;&#x61;&#46;&#x65;&#101;&#187; use_redirect=&#187;on&#187; redirect_url=&#187;https:\/\/www.tkmangula.ee\/kiri-saadetud\/&#187; success_message=&#187;Kiri saadetud!&#187; submit_button_text=&#187;\u041e\u0442\u043f\u0440\u0430\u0432\u0438\u0442\u044c&#187; module_id=&#187;et_pb_contact_form_0&#8243; _builder_version=&#187;4.0.6&#8243; form_field_background_color=&#187;#fefaf1&#8243; form_field_text_color=&#187;#000000&#8243; form_field_focus_text_color=&#187;#2a3749&#8243; form_field_custom_margin=&#187;||30px&#187; title_font=&#187;Montserrat|700||on|||||&#187; title_font_size=&#187;15px&#187; title_letter_spacing=&#187;2px&#187; title_line_height=&#187;1.4em&#187; form_field_font=&#187;Open Sans||||||||&#187; form_field_font_size=&#187;15px&#187; form_field_letter_spacing=&#187;2px&#187; background_color=&#187;#ffffff&#187; custom_button=&#187;on&#187; button_text_size=&#187;14px&#187; button_text_color=&#187;#ffffff&#187; button_bg_color=&#187;#e02b20&#8243; button_border_width=&#187;0px&#187; button_border_radius=&#187;100px&#187; button_font=&#187;Open Sans|900||on|||||&#187; button_use_icon=&#187;off&#187; button_custom_padding=&#187;15px|50px|15px|50px|true|true&#187; custom_padding=&#187;40px|40px|40px|40px|true|true&#187; border_radii=&#187;on|5px|5px|5px|5px&#187; border_width_all=&#187;1px&#187; box_shadow_style_button=&#187;preset1&#8243; box_shadow_spread_button=&#187;-5px&#187; box_shadow_color_button=&#187;#000000&#8243; locked=&#187;off&#187;][et_pb_contact_field field_id=&#187;Name&#187; field_title=&#187;\u0418\u043c\u044f&#187; fullwidth_field=&#187;on&#187; _builder_version=&#187;4.0.6&#8243; background_color=&#187;#fefaf1&#8243; background_enable_color=&#187;off&#187; button_text_size__hover_enabled=&#187;off&#187; button_one_text_size__hover_enabled=&#187;off&#187; button_two_text_size__hover_enabled=&#187;off&#187; button_text_color__hover_enabled=&#187;off&#187; button_one_text_color__hover_enabled=&#187;off&#187; button_two_text_color__hover_enabled=&#187;off&#187; button_border_width__hover_enabled=&#187;off&#187; button_one_border_width__hover_enabled=&#187;off&#187; button_two_border_width__hover_enabled=&#187;off&#187; button_border_color__hover_enabled=&#187;off&#187; button_one_border_color__hover_enabled=&#187;off&#187; button_two_border_color__hover_enabled=&#187;off&#187; button_border_radius__hover_enabled=&#187;off&#187; button_one_border_radius__hover_enabled=&#187;off&#187; button_two_border_radius__hover_enabled=&#187;off&#187; button_letter_spacing__hover_enabled=&#187;off&#187; button_one_letter_spacing__hover_enabled=&#187;off&#187; button_two_letter_spacing__hover_enabled=&#187;off&#187; button_bg_color__hover_enabled=&#187;off&#187; button_one_bg_color__hover_enabled=&#187;off&#187; button_two_bg_color__hover_enabled=&#187;off&#187;][\/et_pb_contact_field][et_pb_contact_field field_id=&#187;telefon&#187; field_title=&#187;No \u0442\u0435\u043b.&#187; fullwidth_field=&#187;on&#187; _builder_version=&#187;4.0.6&#8243;][\/et_pb_contact_field][et_pb_contact_field field_id=&#187;Email&#187; field_title=&#187;\u042d\u043b. \u043f\u043e\u0447\u0442\u0430&#187; field_type=&#187;email&#187; fullwidth_field=&#187;on&#187; _builder_version=&#187;4.0.6&#8243; button_text_size__hover_enabled=&#187;off&#187; button_one_text_size__hover_enabled=&#187;off&#187; button_two_text_size__hover_enabled=&#187;off&#187; button_text_color__hover_enabled=&#187;off&#187; button_one_text_color__hover_enabled=&#187;off&#187; button_two_text_color__hover_enabled=&#187;off&#187; button_border_width__hover_enabled=&#187;off&#187; button_one_border_width__hover_enabled=&#187;off&#187; button_two_border_width__hover_enabled=&#187;off&#187; button_border_color__hover_enabled=&#187;off&#187; button_one_border_color__hover_enabled=&#187;off&#187; button_two_border_color__hover_enabled=&#187;off&#187; button_border_radius__hover_enabled=&#187;off&#187; button_one_border_radius__hover_enabled=&#187;off&#187; button_two_border_radius__hover_enabled=&#187;off&#187; button_letter_spacing__hover_enabled=&#187;off&#187; button_one_letter_spacing__hover_enabled=&#187;off&#187; button_two_letter_spacing__hover_enabled=&#187;off&#187; button_bg_color__hover_enabled=&#187;off&#187; button_one_bg_color__hover_enabled=&#187;off&#187; button_two_bg_color__hover_enabled=&#187;off&#187;][\/et_pb_contact_field][et_pb_contact_field field_id=&#187;Koht&#187; field_title=&#187;\u0414\u0430\u0442\u0430 \u043c\u0435\u0440\u043e\u043f\u0440\u0438\u044f\u0442\u0438\u044f&#187; fullwidth_field=&#187;on&#187; _builder_version=&#187;4.0.6&#8243;][\/et_pb_contact_field][et_pb_contact_field field_id=&#187;Ajaline_kestvus&#187; field_title=&#187;\u041f\u0440\u043e\u0434\u043e\u043b\u0436\u0438\u0442\u0435\u043b\u044c\u043d\u043e\u0441\u0442\u044c \u043c\u0435\u0440\u043e\u043f\u0440\u0438\u044f\u0442\u0438\u044f&#187; fullwidth_field=&#187;on&#187; _builder_version=&#187;4.0.6&#8243;][\/et_pb_contact_field][et_pb_contact_field field_id=&#187;Laste_arv&#187; field_title=&#187;\u0427\u0438\u0441\u043b\u043e \u0434\u0435\u0442\u0435\u0439&#187; fullwidth_field=&#187;on&#187; _builder_version=&#187;4.0.6&#8243;][\/et_pb_contact_field][et_pb_contact_field field_id=&#187;Lisainfo&#187; field_title=&#187;\u0414\u043e\u043f\u043e\u043b\u043d\u0438\u0442\u0435\u043b\u044c\u043d\u0430\u044f \u0438\u043d\u0444\u043e\u0440\u043c\u0430\u0446\u0438\u044f&#187; field_type=&#187;text&#187; fullwidth_field=&#187;on&#187; _builder_version=&#187;4.0.6&#8243; button_text_size__hover_enabled=&#187;off&#187; button_one_text_size__hover_enabled=&#187;off&#187; button_two_text_size__hover_enabled=&#187;off&#187; button_text_color__hover_enabled=&#187;off&#187; button_one_text_color__hover_enabled=&#187;off&#187; button_two_text_color__hover_enabled=&#187;off&#187; button_border_width__hover_enabled=&#187;off&#187; button_one_border_width__hover_enabled=&#187;off&#187; button_two_border_width__hover_enabled=&#187;off&#187; button_border_color__hover_enabled=&#187;off&#187; button_one_border_color__hover_enabled=&#187;off&#187; button_two_border_color__hover_enabled=&#187;off&#187; button_border_radius__hover_enabled=&#187;off&#187; button_one_border_radius__hover_enabled=&#187;off&#187; button_two_border_radius__hover_enabled=&#187;off&#187; button_letter_spacing__hover_enabled=&#187;off&#187; button_one_letter_spacing__hover_enabled=&#187;off&#187; button_two_letter_spacing__hover_enabled=&#187;off&#187; button_bg_color__hover_enabled=&#187;off&#187; button_one_bg_color__hover_enabled=&#187;off&#187; button_two_bg_color__hover_enabled=&#187;off&#187;][\/et_pb_contact_field][\/et_pb_contact_form][et_pb_image src=&#187;https:\/\/tkmangula.ee\/wp-content\/uploads\/2020\/11\/tutor-10.png&#187; _builder_version=&#187;4.3.2&#8243; locked=&#187;off&#187;][\/et_pb_image][\/et_pb_column][\/et_pb_section]<\/p>\n","protected":false},"excerpt":{"rendered":"<p>\u041a\u043e\u043d\u0442\u0430\u043a\u0442 \u0415\u0441\u043b\u0438 \u0432\u044b \u0445\u043e\u0442\u0438\u0442\u0435 \u0443\u0437\u043d\u0430\u0442\u044c \u0431\u043e\u043b\u044c\u0448\u0435 \u043e \u043d\u0430\u0448\u0438\u0445 \u0443\u0441\u043b\u0443\u0433\u0430\u0445 \u0438\u043b\u0438 \u0437\u0430\u043a\u0430\u0437\u0430\u0442\u044c \u043d\u0430\u0441 \u0434\u043b\u044f \u0432\u0430\u0448\u0435\u0433\u043e \u043c\u0435\u0440\u043e\u043f\u0440\u0438\u044f\u0442\u0438\u044f, \u043e\u0442\u043f\u0440\u0430\u0432\u044c\u0442\u0435 \u043d\u0430\u043c \u043f\u0438\u0441\u044c\u043c\u043e \u0438\u043b\u0438 \u043f\u043e\u0437\u0432\u043e\u043d\u0438\u0442\u0435 \u043f\u043e \u043d\u043e\u043c\u0435\u0440\u0443, \u0443\u043a\u0430\u0437\u0430\u043d\u043d\u043e\u043c\u0443 \u043d\u0438\u0436\u0435. Tiiu Kassinfo(at)tkmangula.ee+372 56920484<\/p>\n","protected":false},"author":4,"featured_media":0,"parent":0,"menu_order":0,"comment_status":"closed","ping_status":"closed","template":"","meta":{"_et_pb_use_builder":"on","_et_pb_old_content":"","_et_gb_content_width":"","_glsr_average":0,"_glsr_ranking":0,"_glsr_reviews":0,"footnotes":""},"class_list":["post-2684","page","type-page","status-publish","hentry"],"yoast_head":"<!-- This site is optimized with the Yoast SEO plugin v27.4 - https:\/\/yoast.com\/product\/yoast-seo-wordpress\/ -->\n<title>\u041a\u043e\u043d\u0442\u0430\u043a\u0442 - TKM\u00e4ngula<\/title>\n<meta name=\"robots\" content=\"index, follow, max-snippet:-1, max-image-preview:large, max-video-preview:-1\" \/>\n<link rel=\"canonical\" href=\"https:\/\/tkmangula.ee\/ru\/kontakt\/\" \/>\n<meta property=\"og:locale\" content=\"ru_RU\" \/>\n<meta property=\"og:type\" content=\"article\" \/>\n<meta property=\"og:title\" content=\"\u041a\u043e\u043d\u0442\u0430\u043a\u0442 - TKM\u00e4ngula\" \/>\n<meta property=\"og:description\" content=\"\u041a\u043e\u043d\u0442\u0430\u043a\u0442 \u0415\u0441\u043b\u0438 \u0432\u044b \u0445\u043e\u0442\u0438\u0442\u0435 \u0443\u0437\u043d\u0430\u0442\u044c \u0431\u043e\u043b\u044c\u0448\u0435 \u043e \u043d\u0430\u0448\u0438\u0445 \u0443\u0441\u043b\u0443\u0433\u0430\u0445 \u0438\u043b\u0438 \u0437\u0430\u043a\u0430\u0437\u0430\u0442\u044c \u043d\u0430\u0441 \u0434\u043b\u044f \u0432\u0430\u0448\u0435\u0433\u043e \u043c\u0435\u0440\u043e\u043f\u0440\u0438\u044f\u0442\u0438\u044f, \u043e\u0442\u043f\u0440\u0430\u0432\u044c\u0442\u0435 \u043d\u0430\u043c \u043f\u0438\u0441\u044c\u043c\u043e \u0438\u043b\u0438 \u043f\u043e\u0437\u0432\u043e\u043d\u0438\u0442\u0435 \u043f\u043e \u043d\u043e\u043c\u0435\u0440\u0443, \u0443\u043a\u0430\u0437\u0430\u043d\u043d\u043e\u043c\u0443 \u043d\u0438\u0436\u0435. Tiiu Kassinfo(at)tkmangula.ee+372 56920484\" \/>\n<meta property=\"og:url\" content=\"https:\/\/tkmangula.ee\/ru\/kontakt\/\" \/>\n<meta property=\"og:site_name\" content=\"TKM\u00e4ngula\" \/>\n<meta property=\"article:publisher\" content=\"https:\/\/www.facebook.com\/tkmangula.ee\" \/>\n<meta property=\"article:modified_time\" content=\"2022-12-12T10:38:41+00:00\" \/>\n<meta property=\"og:image\" content=\"https:\/\/tkmangula.ee\/wp-content\/uploads\/2021\/12\/TKMA\u0308NGULA_logo_2.png\" \/>\n\t<meta property=\"og:image:width\" content=\"1920\" \/>\n\t<meta property=\"og:image:height\" content=\"823\" \/>\n\t<meta property=\"og:image:type\" content=\"image\/png\" \/>\n<meta name=\"twitter:card\" content=\"summary_large_image\" \/>\n<meta name=\"twitter:label1\" content=\"\u041f\u0440\u0438\u043c\u0435\u0440\u043d\u043e\u0435 \u0432\u0440\u0435\u043c\u044f \u0434\u043b\u044f \u0447\u0442\u0435\u043d\u0438\u044f\" \/>\n\t<meta name=\"twitter:data1\" content=\"6 \u043c\u0438\u043d\u0443\u0442\" \/>\n<script type=\"application\/ld+json\" class=\"yoast-schema-graph\">{\"@context\":\"https:\\\/\\\/schema.org\",\"@graph\":[{\"@type\":\"WebPage\",\"@id\":\"https:\\\/\\\/tkmangula.ee\\\/ru\\\/kontakt\\\/\",\"url\":\"https:\\\/\\\/tkmangula.ee\\\/ru\\\/kontakt\\\/\",\"name\":\"\u041a\u043e\u043d\u0442\u0430\u043a\u0442 - TKM\u00e4ngula\",\"isPartOf\":{\"@id\":\"https:\\\/\\\/tkmangula.ee\\\/ru\\\/#website\"},\"datePublished\":\"2019-09-11T17:41:25+00:00\",\"dateModified\":\"2022-12-12T10:38:41+00:00\",\"breadcrumb\":{\"@id\":\"https:\\\/\\\/tkmangula.ee\\\/ru\\\/kontakt\\\/#breadcrumb\"},\"inLanguage\":\"ru-RU\",\"potentialAction\":[{\"@type\":\"ReadAction\",\"target\":[\"https:\\\/\\\/tkmangula.ee\\\/ru\\\/kontakt\\\/\"]}]},{\"@type\":\"BreadcrumbList\",\"@id\":\"https:\\\/\\\/tkmangula.ee\\\/ru\\\/kontakt\\\/#breadcrumb\",\"itemListElement\":[{\"@type\":\"ListItem\",\"position\":1,\"name\":\"Home\",\"item\":\"https:\\\/\\\/www.tkmangula.ee\\\/ru\\\/\"},{\"@type\":\"ListItem\",\"position\":2,\"name\":\"\u041a\u043e\u043d\u0442\u0430\u043a\u0442\"}]},{\"@type\":\"WebSite\",\"@id\":\"https:\\\/\\\/tkmangula.ee\\\/ru\\\/#website\",\"url\":\"https:\\\/\\\/tkmangula.ee\\\/ru\\\/\",\"name\":\"TKM\u00e4ngula\",\"description\":\"Peojuht laste s\u00fcnnip\u00e4evadele ja pidudele\",\"publisher\":{\"@id\":\"https:\\\/\\\/tkmangula.ee\\\/ru\\\/#organization\"},\"potentialAction\":[{\"@type\":\"SearchAction\",\"target\":{\"@type\":\"EntryPoint\",\"urlTemplate\":\"https:\\\/\\\/tkmangula.ee\\\/ru\\\/?s={search_term_string}\"},\"query-input\":{\"@type\":\"PropertyValueSpecification\",\"valueRequired\":true,\"valueName\":\"search_term_string\"}}],\"inLanguage\":\"ru-RU\"},{\"@type\":\"Organization\",\"@id\":\"https:\\\/\\\/tkmangula.ee\\\/ru\\\/#organization\",\"name\":\"TK M\u00e4ngula\",\"url\":\"https:\\\/\\\/tkmangula.ee\\\/ru\\\/\",\"logo\":{\"@type\":\"ImageObject\",\"inLanguage\":\"ru-RU\",\"@id\":\"https:\\\/\\\/tkmangula.ee\\\/ru\\\/#\\\/schema\\\/logo\\\/image\\\/\",\"url\":\"https:\\\/\\\/tkmangula.ee\\\/wp-content\\\/uploads\\\/2021\\\/12\\\/TKMA\u0308NGULA_logo.png\",\"contentUrl\":\"https:\\\/\\\/tkmangula.ee\\\/wp-content\\\/uploads\\\/2021\\\/12\\\/TKMA\u0308NGULA_logo.png\",\"width\":1920,\"height\":1900,\"caption\":\"TK M\u00e4ngula\"},\"image\":{\"@id\":\"https:\\\/\\\/tkmangula.ee\\\/ru\\\/#\\\/schema\\\/logo\\\/image\\\/\"},\"sameAs\":[\"https:\\\/\\\/www.facebook.com\\\/tkmangula.ee\"]}]}<\/script>\n<!-- \/ Yoast SEO plugin. -->","yoast_head_json":{"title":"\u041a\u043e\u043d\u0442\u0430\u043a\u0442 - TKM\u00e4ngula","robots":{"index":"index","follow":"follow","max-snippet":"max-snippet:-1","max-image-preview":"max-image-preview:large","max-video-preview":"max-video-preview:-1"},"canonical":"https:\/\/tkmangula.ee\/ru\/kontakt\/","og_locale":"ru_RU","og_type":"article","og_title":"\u041a\u043e\u043d\u0442\u0430\u043a\u0442 - TKM\u00e4ngula","og_description":"\u041a\u043e\u043d\u0442\u0430\u043a\u0442 \u0415\u0441\u043b\u0438 \u0432\u044b \u0445\u043e\u0442\u0438\u0442\u0435 \u0443\u0437\u043d\u0430\u0442\u044c \u0431\u043e\u043b\u044c\u0448\u0435 \u043e \u043d\u0430\u0448\u0438\u0445 \u0443\u0441\u043b\u0443\u0433\u0430\u0445 \u0438\u043b\u0438 \u0437\u0430\u043a\u0430\u0437\u0430\u0442\u044c \u043d\u0430\u0441 \u0434\u043b\u044f \u0432\u0430\u0448\u0435\u0433\u043e \u043c\u0435\u0440\u043e\u043f\u0440\u0438\u044f\u0442\u0438\u044f, \u043e\u0442\u043f\u0440\u0430\u0432\u044c\u0442\u0435 \u043d\u0430\u043c \u043f\u0438\u0441\u044c\u043c\u043e \u0438\u043b\u0438 \u043f\u043e\u0437\u0432\u043e\u043d\u0438\u0442\u0435 \u043f\u043e \u043d\u043e\u043c\u0435\u0440\u0443, \u0443\u043a\u0430\u0437\u0430\u043d\u043d\u043e\u043c\u0443 \u043d\u0438\u0436\u0435. Tiiu Kassinfo(at)tkmangula.ee+372 56920484","og_url":"https:\/\/tkmangula.ee\/ru\/kontakt\/","og_site_name":"TKM\u00e4ngula","article_publisher":"https:\/\/www.facebook.com\/tkmangula.ee","article_modified_time":"2022-12-12T10:38:41+00:00","og_image":[{"width":1920,"height":823,"url":"https:\/\/tkmangula.ee\/wp-content\/uploads\/2021\/12\/TKMA\u0308NGULA_logo_2.png","type":"image\/png"}],"twitter_card":"summary_large_image","twitter_misc":{"\u041f\u0440\u0438\u043c\u0435\u0440\u043d\u043e\u0435 \u0432\u0440\u0435\u043c\u044f \u0434\u043b\u044f \u0447\u0442\u0435\u043d\u0438\u044f":"6 \u043c\u0438\u043d\u0443\u0442"},"schema":{"@context":"https:\/\/schema.org","@graph":[{"@type":"WebPage","@id":"https:\/\/tkmangula.ee\/ru\/kontakt\/","url":"https:\/\/tkmangula.ee\/ru\/kontakt\/","name":"\u041a\u043e\u043d\u0442\u0430\u043a\u0442 - TKM\u00e4ngula","isPartOf":{"@id":"https:\/\/tkmangula.ee\/ru\/#website"},"datePublished":"2019-09-11T17:41:25+00:00","dateModified":"2022-12-12T10:38:41+00:00","breadcrumb":{"@id":"https:\/\/tkmangula.ee\/ru\/kontakt\/#breadcrumb"},"inLanguage":"ru-RU","potentialAction":[{"@type":"ReadAction","target":["https:\/\/tkmangula.ee\/ru\/kontakt\/"]}]},{"@type":"BreadcrumbList","@id":"https:\/\/tkmangula.ee\/ru\/kontakt\/#breadcrumb","itemListElement":[{"@type":"ListItem","position":1,"name":"Home","item":"https:\/\/www.tkmangula.ee\/ru\/"},{"@type":"ListItem","position":2,"name":"\u041a\u043e\u043d\u0442\u0430\u043a\u0442"}]},{"@type":"WebSite","@id":"https:\/\/tkmangula.ee\/ru\/#website","url":"https:\/\/tkmangula.ee\/ru\/","name":"TKM\u00e4ngula","description":"Peojuht laste s\u00fcnnip\u00e4evadele ja pidudele","publisher":{"@id":"https:\/\/tkmangula.ee\/ru\/#organization"},"potentialAction":[{"@type":"SearchAction","target":{"@type":"EntryPoint","urlTemplate":"https:\/\/tkmangula.ee\/ru\/?s={search_term_string}"},"query-input":{"@type":"PropertyValueSpecification","valueRequired":true,"valueName":"search_term_string"}}],"inLanguage":"ru-RU"},{"@type":"Organization","@id":"https:\/\/tkmangula.ee\/ru\/#organization","name":"TK M\u00e4ngula","url":"https:\/\/tkmangula.ee\/ru\/","logo":{"@type":"ImageObject","inLanguage":"ru-RU","@id":"https:\/\/tkmangula.ee\/ru\/#\/schema\/logo\/image\/","url":"https:\/\/tkmangula.ee\/wp-content\/uploads\/2021\/12\/TKMA\u0308NGULA_logo.png","contentUrl":"https:\/\/tkmangula.ee\/wp-content\/uploads\/2021\/12\/TKMA\u0308NGULA_logo.png","width":1920,"height":1900,"caption":"TK M\u00e4ngula"},"image":{"@id":"https:\/\/tkmangula.ee\/ru\/#\/schema\/logo\/image\/"},"sameAs":["https:\/\/www.facebook.com\/tkmangula.ee"]}]}},"_links":{"self":[{"href":"https:\/\/tkmangula.ee\/ru\/wp-json\/wp\/v2\/pages\/2684","targetHints":{"allow":["GET"]}}],"collection":[{"href":"https:\/\/tkmangula.ee\/ru\/wp-json\/wp\/v2\/pages"}],"about":[{"href":"https:\/\/tkmangula.ee\/ru\/wp-json\/wp\/v2\/types\/page"}],"author":[{"embeddable":true,"href":"https:\/\/tkmangula.ee\/ru\/wp-json\/wp\/v2\/users\/4"}],"replies":[{"embeddable":true,"href":"https:\/\/tkmangula.ee\/ru\/wp-json\/wp\/v2\/comments?post=2684"}],"version-history":[{"count":4,"href":"https:\/\/tkmangula.ee\/ru\/wp-json\/wp\/v2\/pages\/2684\/revisions"}],"predecessor-version":[{"id":2705,"href":"https:\/\/tkmangula.ee\/ru\/wp-json\/wp\/v2\/pages\/2684\/revisions\/2705"}],"wp:attachment":[{"href":"https:\/\/tkmangula.ee\/ru\/wp-json\/wp\/v2\/media?parent=2684"}],"curies":[{"name":"wp","href":"https:\/\/api.w.org\/{rel}","templated":true}]}}