{"id":2670,"date":"2019-09-11T20:41:05","date_gmt":"2019-09-11T17:41:05","guid":{"rendered":"https:\/\/www.tkmangula.ee\/%d0%b3%d0%b0%d0%bb%d0%b5%d1%80%d0%b5%d1%8f\/"},"modified":"2022-12-12T10:36:56","modified_gmt":"2022-12-12T10:36:56","slug":"galerii","status":"publish","type":"page","link":"https:\/\/tkmangula.ee\/ru\/galerii\/","title":{"rendered":"\u0413\u0430\u043b\u0435\u0440\u0435\u044f"},"content":{"rendered":"<p>[et_pb_section fb_built=&#187;1&#8243; specialty=&#187;on&#187; next_background_color=&#187;#ffffff&#187; padding_top_bottom_link_1=&#187;false&#187; admin_label=&#187;Header&#187; _builder_version=&#187;4.0.6&#8243; background_color=&#187;#fcf1de&#187; min_height=&#187;365px&#187; custom_padding=&#187;6px||8px||false|false&#187; bottom_divider_style=&#187;wave&#187; bottom_divider_height=&#187;10vw&#187; locked=&#187;off&#187;][et_pb_column type=&#187;1_2&#8243; specialty_columns=&#187;2&#8243; _builder_version=&#187;3.25&#8243; custom_padding=&#187;|||&#187; custom_padding__hover=&#187;|||&#187;][et_pb_row_inner _builder_version=&#187;4.3.2&#8243;][et_pb_column_inner saved_specialty_column_type=&#187;1_2&#8243; _builder_version=&#187;4.3.2&#8243; custom_padding=&#187;50px||||false|false&#187; custom_padding_tablet=&#187;0px||||false|false&#187; custom_padding_phone=&#187;&#187; custom_padding_last_edited=&#187;on|tablet&#187;][et_pb_divider color=&#187;#f9ce6e&#187; divider_position=&#187;center&#187; divider_weight=&#187;1px&#187; _builder_version=&#187;4.3.2&#8243; width=&#187;120px&#187; height=&#187;7px&#187; box_shadow_style=&#187;preset7&#8243; box_shadow_horizontal=&#187;40px&#187; box_shadow_vertical=&#187;0px&#187; box_shadow_color=&#187;#f9ce6e&#187; locked=&#187;off&#187;][\/et_pb_divider][et_pb_text _builder_version=&#187;4.0.6&#8243; text_font=&#187;Open Sans||||||||&#187; text_text_color=&#187;#000000&#8243; text_font_size=&#187;16px&#187; text_line_height=&#187;1.8em&#187; header_font=&#187;Open Sans|700|||||||&#187; header_font_size=&#187;60px&#187; header_line_height=&#187;1.1em&#187; header_font_size_tablet=&#187;40px&#187; header_font_size_phone=&#187;30px&#187; header_font_size_last_edited=&#187;on|phone&#187;]<\/p>\n<h1>\u0413\u0430\u043b\u0435\u0440\u0435\u044f<\/h1>\n<p>[\/et_pb_text][\/et_pb_column_inner][\/et_pb_row_inner][\/et_pb_column][et_pb_column type=&#187;1_2&#8243; _builder_version=&#187;3.25&#8243; custom_padding=&#187;|||&#187; custom_padding__hover=&#187;|||&#187;][et_pb_image src=&#187;https:\/\/tkmangula.ee\/wp-content\/uploads\/2020\/11\/tutor-09.png&#187; _builder_version=&#187;4.3.2&#8243; width=&#187;100%&#187; z_index=&#187;1&#8243; vertical_offset_tablet=&#187;-60px&#187; vertical_offset_phone=&#187;&#187; vertical_offset_last_edited=&#187;on|phone&#187;][\/et_pb_image][et_pb_image src=&#187;https:\/\/tkmangula.ee\/wp-content\/uploads\/2020\/11\/tutor-10.png&#187; _builder_version=&#187;4.3.2&#8243; locked=&#187;off&#187;][\/et_pb_image][\/et_pb_column][\/et_pb_section][et_pb_section fb_built=&#187;1&#8243; _builder_version=&#187;3.29.2&#8243; custom_padding=&#187;2px|||||&#187;][et_pb_row _builder_version=&#187;3.29.2&#8243; custom_padding=&#187;3px|||||&#187;][et_pb_column type=&#187;4_4&#8243; _builder_version=&#187;3.29.2&#8243;][et_pb_text _builder_version=&#187;4.0.6&#8243; text_font=&#187;Open Sans||||||||&#187; header_font=&#187;Open Sans||||||||&#187; custom_padding=&#187;0px||0px|||&#187;]<\/p>\n<h1 align=\"CENTER\"><span style=\"font-size: large;\"><strong><span color=\"#202122\" style=\"color: #202122;\"><span face=\"Calibri Light, sans-serif\" style=\"font-family: 'Calibri Light', sans-serif;\"><span size=\"4\">\u0418\u0433\u0440\u043e\u0432\u043e\u0439 \u043c\u0435\u043d\u0435\u0434\u0436\u0435\u0440 \/ \u0433\u043e\u0441\u0442\u044c-\u0441\u044e\u0440\u043f\u0440\u0438\u0437<\/span><\/span><\/span><\/strong><\/span><\/h1>\n<p>[\/et_pb_text][\/et_pb_column][\/et_pb_row][et_pb_row _builder_version=&#187;4.0.6&#8243;][et_pb_column type=&#187;4_4&#8243; _builder_version=&#187;3.29.2&#8243;][et_pb_gallery gallery_ids=&#187;1552,1551,1550,1549,1548,2062,2068,2078,2081,2087,2095,2099,2102,2105,2108,2112,2120,2123,2126&#8243; gallery_orderby=&#187;rand&#187; posts_number=&#187;6&#8243; show_title_and_caption=&#187;off&#187; _builder_version=&#187;4.0.6&#8243; min_height=&#187;336px&#187; custom_margin=&#187;||1px|||&#187; custom_padding=&#187;70px||0px|||&#187; hover_enabled=&#187;0&#8243;][\/et_pb_gallery][et_pb_text _builder_version=&#187;4.0.6&#8243;]<\/p>\n<h2 align=\"CENTER\"><span style=\"font-size: large;\"><strong><span color=\"#202122\" style=\"color: #202122;\"><span face=\"Calibri Light, sans-serif\" style=\"font-family: 'Calibri Light', sans-serif;\"><span size=\"4\">\u0414\u0435\u0442\u0441\u043a\u0438\u0439 \u043b\u0430\u0433\u0435\u0440\u044c<\/span><\/span><\/span><\/strong><\/span><\/h2>\n<p>[\/et_pb_text][\/et_pb_column][\/et_pb_row][et_pb_row _builder_version=&#187;4.0.6&#8243;][et_pb_column type=&#187;4_4&#8243; _builder_version=&#187;4.0.6&#8243;][et_pb_gallery gallery_ids=&#187;1633,1745,1746,1747,1748,1749,1750,1751,1752,1753,1754,1755,1756,1757,1758&#8243; show_title_and_caption=&#187;off&#187; _builder_version=&#187;4.0.6&#8243; custom_margin=&#187;||0px|||&#187;][\/et_pb_gallery][et_pb_text _builder_version=&#187;4.0.6&#8243;]<\/p>\n<h2 align=\"CENTER\"><span style=\"font-size: large;\"><strong><span color=\"#202122\" style=\"color: #202122;\"><span face=\"Calibri Light, sans-serif\" style=\"font-family: 'Calibri Light', sans-serif;\"><span size=\"4\">\u0414\u0435\u0442\u0441\u043a\u043e\u0435 \u0442\u0430\u043d\u0446\u0435\u0432\u0430\u043b\u044c\u043d\u043e\u0435 \u0448\u043e\u0443<\/span><\/span><\/span><\/strong><\/span><\/h2>\n<p>[\/et_pb_text][\/et_pb_column][\/et_pb_row][et_pb_row _builder_version=&#187;4.0.6&#8243;][et_pb_column type=&#187;4_4&#8243; _builder_version=&#187;4.0.6&#8243;][et_pb_gallery gallery_ids=&#187;1632,1630,1631,1628,1627,1625,1623,1621&#8243; posts_number=&#187;10&#8243; show_title_and_caption=&#187;off&#187; _builder_version=&#187;4.0.6&#8243;][\/et_pb_gallery][\/et_pb_column][\/et_pb_row][\/et_pb_section]<\/p>\n","protected":false},"excerpt":{"rendered":"<p>\u0413\u0430\u043b\u0435\u0440\u0435\u044f\u0418\u0433\u0440\u043e\u0432\u043e\u0439 \u043c\u0435\u043d\u0435\u0434\u0436\u0435\u0440 \/ \u0433\u043e\u0441\u0442\u044c-\u0441\u044e\u0440\u043f\u0440\u0438\u0437\u0414\u0435\u0442\u0441\u043a\u0438\u0439 \u043b\u0430\u0433\u0435\u0440\u044c\u0414\u0435\u0442\u0441\u043a\u043e\u0435 \u0442\u0430\u043d\u0446\u0435\u0432\u0430\u043b\u044c\u043d\u043e\u0435 \u0448\u043e\u0443<\/p>\n","protected":false},"author":4,"featured_media":0,"parent":0,"menu_order":0,"comment_status":"closed","ping_status":"closed","template":"","meta":{"_et_pb_use_builder":"on","_et_pb_old_content":"","_et_gb_content_width":"","_glsr_average":0,"_glsr_ranking":0,"_glsr_reviews":0,"footnotes":""},"class_list":["post-2670","page","type-page","status-publish","hentry"],"yoast_head":"<!-- This site is optimized with the Yoast SEO plugin v27.3 - https:\/\/yoast.com\/product\/yoast-seo-wordpress\/ -->\n<title>\u0413\u0430\u043b\u0435\u0440\u0435\u044f - TKM\u00e4ngula<\/title>\n<meta name=\"robots\" content=\"index, follow, max-snippet:-1, max-image-preview:large, max-video-preview:-1\" \/>\n<link rel=\"canonical\" href=\"https:\/\/tkmangula.ee\/ru\/galerii\/\" \/>\n<meta property=\"og:locale\" content=\"ru_RU\" \/>\n<meta property=\"og:type\" content=\"article\" \/>\n<meta property=\"og:title\" content=\"\u0413\u0430\u043b\u0435\u0440\u0435\u044f - TKM\u00e4ngula\" \/>\n<meta property=\"og:description\" content=\"\u0413\u0430\u043b\u0435\u0440\u0435\u044f\u0418\u0433\u0440\u043e\u0432\u043e\u0439 \u043c\u0435\u043d\u0435\u0434\u0436\u0435\u0440 \/ \u0433\u043e\u0441\u0442\u044c-\u0441\u044e\u0440\u043f\u0440\u0438\u0437\u0414\u0435\u0442\u0441\u043a\u0438\u0439 \u043b\u0430\u0433\u0435\u0440\u044c\u0414\u0435\u0442\u0441\u043a\u043e\u0435 \u0442\u0430\u043d\u0446\u0435\u0432\u0430\u043b\u044c\u043d\u043e\u0435 \u0448\u043e\u0443\" \/>\n<meta property=\"og:url\" content=\"https:\/\/tkmangula.ee\/ru\/galerii\/\" \/>\n<meta property=\"og:site_name\" content=\"TKM\u00e4ngula\" \/>\n<meta property=\"article:publisher\" content=\"https:\/\/www.facebook.com\/tkmangula.ee\" \/>\n<meta property=\"article:modified_time\" content=\"2022-12-12T10:36:56+00:00\" \/>\n<meta property=\"og:image\" content=\"https:\/\/tkmangula.ee\/wp-content\/uploads\/2021\/12\/TKMA\u0308NGULA_logo_2.png\" \/>\n\t<meta property=\"og:image:width\" content=\"1920\" \/>\n\t<meta property=\"og:image:height\" content=\"823\" \/>\n\t<meta property=\"og:image:type\" content=\"image\/png\" \/>\n<meta name=\"twitter:card\" content=\"summary_large_image\" \/>\n<meta name=\"twitter:label1\" content=\"\u041f\u0440\u0438\u043c\u0435\u0440\u043d\u043e\u0435 \u0432\u0440\u0435\u043c\u044f \u0434\u043b\u044f \u0447\u0442\u0435\u043d\u0438\u044f\" \/>\n\t<meta name=\"twitter:data1\" content=\"2 \u043c\u0438\u043d\u0443\u0442\u044b\" \/>\n<script type=\"application\/ld+json\" class=\"yoast-schema-graph\">{\"@context\":\"https:\\\/\\\/schema.org\",\"@graph\":[{\"@type\":\"WebPage\",\"@id\":\"https:\\\/\\\/tkmangula.ee\\\/ru\\\/galerii\\\/\",\"url\":\"https:\\\/\\\/tkmangula.ee\\\/ru\\\/galerii\\\/\",\"name\":\"\u0413\u0430\u043b\u0435\u0440\u0435\u044f - TKM\u00e4ngula\",\"isPartOf\":{\"@id\":\"https:\\\/\\\/tkmangula.ee\\\/ru\\\/#website\"},\"datePublished\":\"2019-09-11T17:41:05+00:00\",\"dateModified\":\"2022-12-12T10:36:56+00:00\",\"breadcrumb\":{\"@id\":\"https:\\\/\\\/tkmangula.ee\\\/ru\\\/galerii\\\/#breadcrumb\"},\"inLanguage\":\"ru-RU\",\"potentialAction\":[{\"@type\":\"ReadAction\",\"target\":[\"https:\\\/\\\/tkmangula.ee\\\/ru\\\/galerii\\\/\"]}]},{\"@type\":\"BreadcrumbList\",\"@id\":\"https:\\\/\\\/tkmangula.ee\\\/ru\\\/galerii\\\/#breadcrumb\",\"itemListElement\":[{\"@type\":\"ListItem\",\"position\":1,\"name\":\"Home\",\"item\":\"https:\\\/\\\/www.tkmangula.ee\\\/ru\\\/\"},{\"@type\":\"ListItem\",\"position\":2,\"name\":\"\u0413\u0430\u043b\u0435\u0440\u0435\u044f\"}]},{\"@type\":\"WebSite\",\"@id\":\"https:\\\/\\\/tkmangula.ee\\\/ru\\\/#website\",\"url\":\"https:\\\/\\\/tkmangula.ee\\\/ru\\\/\",\"name\":\"TKM\u00e4ngula\",\"description\":\"Peojuht laste s\u00fcnnip\u00e4evadele ja pidudele\",\"publisher\":{\"@id\":\"https:\\\/\\\/tkmangula.ee\\\/ru\\\/#organization\"},\"potentialAction\":[{\"@type\":\"SearchAction\",\"target\":{\"@type\":\"EntryPoint\",\"urlTemplate\":\"https:\\\/\\\/tkmangula.ee\\\/ru\\\/?s={search_term_string}\"},\"query-input\":{\"@type\":\"PropertyValueSpecification\",\"valueRequired\":true,\"valueName\":\"search_term_string\"}}],\"inLanguage\":\"ru-RU\"},{\"@type\":\"Organization\",\"@id\":\"https:\\\/\\\/tkmangula.ee\\\/ru\\\/#organization\",\"name\":\"TK M\u00e4ngula\",\"url\":\"https:\\\/\\\/tkmangula.ee\\\/ru\\\/\",\"logo\":{\"@type\":\"ImageObject\",\"inLanguage\":\"ru-RU\",\"@id\":\"https:\\\/\\\/tkmangula.ee\\\/ru\\\/#\\\/schema\\\/logo\\\/image\\\/\",\"url\":\"https:\\\/\\\/tkmangula.ee\\\/wp-content\\\/uploads\\\/2021\\\/12\\\/TKMA\u0308NGULA_logo.png\",\"contentUrl\":\"https:\\\/\\\/tkmangula.ee\\\/wp-content\\\/uploads\\\/2021\\\/12\\\/TKMA\u0308NGULA_logo.png\",\"width\":1920,\"height\":1900,\"caption\":\"TK M\u00e4ngula\"},\"image\":{\"@id\":\"https:\\\/\\\/tkmangula.ee\\\/ru\\\/#\\\/schema\\\/logo\\\/image\\\/\"},\"sameAs\":[\"https:\\\/\\\/www.facebook.com\\\/tkmangula.ee\"]}]}<\/script>\n<!-- \/ Yoast SEO plugin. -->","yoast_head_json":{"title":"\u0413\u0430\u043b\u0435\u0440\u0435\u044f - TKM\u00e4ngula","robots":{"index":"index","follow":"follow","max-snippet":"max-snippet:-1","max-image-preview":"max-image-preview:large","max-video-preview":"max-video-preview:-1"},"canonical":"https:\/\/tkmangula.ee\/ru\/galerii\/","og_locale":"ru_RU","og_type":"article","og_title":"\u0413\u0430\u043b\u0435\u0440\u0435\u044f - TKM\u00e4ngula","og_description":"\u0413\u0430\u043b\u0435\u0440\u0435\u044f\u0418\u0433\u0440\u043e\u0432\u043e\u0439 \u043c\u0435\u043d\u0435\u0434\u0436\u0435\u0440 \/ \u0433\u043e\u0441\u0442\u044c-\u0441\u044e\u0440\u043f\u0440\u0438\u0437\u0414\u0435\u0442\u0441\u043a\u0438\u0439 \u043b\u0430\u0433\u0435\u0440\u044c\u0414\u0435\u0442\u0441\u043a\u043e\u0435 \u0442\u0430\u043d\u0446\u0435\u0432\u0430\u043b\u044c\u043d\u043e\u0435 \u0448\u043e\u0443","og_url":"https:\/\/tkmangula.ee\/ru\/galerii\/","og_site_name":"TKM\u00e4ngula","article_publisher":"https:\/\/www.facebook.com\/tkmangula.ee","article_modified_time":"2022-12-12T10:36:56+00:00","og_image":[{"width":1920,"height":823,"url":"https:\/\/tkmangula.ee\/wp-content\/uploads\/2021\/12\/TKMA\u0308NGULA_logo_2.png","type":"image\/png"}],"twitter_card":"summary_large_image","twitter_misc":{"\u041f\u0440\u0438\u043c\u0435\u0440\u043d\u043e\u0435 \u0432\u0440\u0435\u043c\u044f \u0434\u043b\u044f \u0447\u0442\u0435\u043d\u0438\u044f":"2 \u043c\u0438\u043d\u0443\u0442\u044b"},"schema":{"@context":"https:\/\/schema.org","@graph":[{"@type":"WebPage","@id":"https:\/\/tkmangula.ee\/ru\/galerii\/","url":"https:\/\/tkmangula.ee\/ru\/galerii\/","name":"\u0413\u0430\u043b\u0435\u0440\u0435\u044f - TKM\u00e4ngula","isPartOf":{"@id":"https:\/\/tkmangula.ee\/ru\/#website"},"datePublished":"2019-09-11T17:41:05+00:00","dateModified":"2022-12-12T10:36:56+00:00","breadcrumb":{"@id":"https:\/\/tkmangula.ee\/ru\/galerii\/#breadcrumb"},"inLanguage":"ru-RU","potentialAction":[{"@type":"ReadAction","target":["https:\/\/tkmangula.ee\/ru\/galerii\/"]}]},{"@type":"BreadcrumbList","@id":"https:\/\/tkmangula.ee\/ru\/galerii\/#breadcrumb","itemListElement":[{"@type":"ListItem","position":1,"name":"Home","item":"https:\/\/www.tkmangula.ee\/ru\/"},{"@type":"ListItem","position":2,"name":"\u0413\u0430\u043b\u0435\u0440\u0435\u044f"}]},{"@type":"WebSite","@id":"https:\/\/tkmangula.ee\/ru\/#website","url":"https:\/\/tkmangula.ee\/ru\/","name":"TKM\u00e4ngula","description":"Peojuht laste s\u00fcnnip\u00e4evadele ja pidudele","publisher":{"@id":"https:\/\/tkmangula.ee\/ru\/#organization"},"potentialAction":[{"@type":"SearchAction","target":{"@type":"EntryPoint","urlTemplate":"https:\/\/tkmangula.ee\/ru\/?s={search_term_string}"},"query-input":{"@type":"PropertyValueSpecification","valueRequired":true,"valueName":"search_term_string"}}],"inLanguage":"ru-RU"},{"@type":"Organization","@id":"https:\/\/tkmangula.ee\/ru\/#organization","name":"TK M\u00e4ngula","url":"https:\/\/tkmangula.ee\/ru\/","logo":{"@type":"ImageObject","inLanguage":"ru-RU","@id":"https:\/\/tkmangula.ee\/ru\/#\/schema\/logo\/image\/","url":"https:\/\/tkmangula.ee\/wp-content\/uploads\/2021\/12\/TKMA\u0308NGULA_logo.png","contentUrl":"https:\/\/tkmangula.ee\/wp-content\/uploads\/2021\/12\/TKMA\u0308NGULA_logo.png","width":1920,"height":1900,"caption":"TK M\u00e4ngula"},"image":{"@id":"https:\/\/tkmangula.ee\/ru\/#\/schema\/logo\/image\/"},"sameAs":["https:\/\/www.facebook.com\/tkmangula.ee"]}]}},"_links":{"self":[{"href":"https:\/\/tkmangula.ee\/ru\/wp-json\/wp\/v2\/pages\/2670","targetHints":{"allow":["GET"]}}],"collection":[{"href":"https:\/\/tkmangula.ee\/ru\/wp-json\/wp\/v2\/pages"}],"about":[{"href":"https:\/\/tkmangula.ee\/ru\/wp-json\/wp\/v2\/types\/page"}],"author":[{"embeddable":true,"href":"https:\/\/tkmangula.ee\/ru\/wp-json\/wp\/v2\/users\/4"}],"replies":[{"embeddable":true,"href":"https:\/\/tkmangula.ee\/ru\/wp-json\/wp\/v2\/comments?post=2670"}],"version-history":[{"count":4,"href":"https:\/\/tkmangula.ee\/ru\/wp-json\/wp\/v2\/pages\/2670\/revisions"}],"predecessor-version":[{"id":2699,"href":"https:\/\/tkmangula.ee\/ru\/wp-json\/wp\/v2\/pages\/2670\/revisions\/2699"}],"wp:attachment":[{"href":"https:\/\/tkmangula.ee\/ru\/wp-json\/wp\/v2\/media?parent=2670"}],"curies":[{"name":"wp","href":"https:\/\/api.w.org\/{rel}","templated":true}]}}